{"id":10890,"date":"2025-05-19T11:16:37","date_gmt":"2025-05-19T14:16:37","guid":{"rendered":"https:\/\/www.nncruiser.com.br\/?post_type=product&#038;p=10890"},"modified":"2025-11-05T02:40:12","modified_gmt":"2025-11-05T05:40:12","slug":"yuchai-1000kw-1100kw-grupo-electrogeno-de-biogas-yc16vtdn","status":"publish","type":"product","link":"https:\/\/www.nncruiser.com.br\/zh\/yuchai-1000kw-1100kw-grupo-electrogeno-de-biogas-yc16vtdn\/","title":{"rendered":"\u5b87\u67f4 1000~1100kW \u6cbc\u6c14\u53d1\u7535\u673a\u7ec4 YC16VTDN"},"content":{"rendered":"<div class=\"infor\">\n<h5 class=\"tit\" style=\"text-align: center;\"><strong>\u6280\u672f\u53c2\u6570<\/strong><\/h5>\n<p>&nbsp;<\/p>\n<\/div>\n<div class=\"content\">\n<div class=\"table-responsive\">\n<table class=\"datalist\" cellspacing=\"0\" cellpadding=\"0\">\n<colgroup>\n<col width=\"208\" \/>\n<col span=\"2\" width=\"200\" \/><\/colgroup>\n<tbody>\n<tr class=\"firstRow\">\n<td colspan=\"5\" rowspan=\"1\" width=\"975\"><strong>\u5355\u4f4d\u53c2\u6570<\/strong><\/td>\n<\/tr>\n<tr>\n<td>\u5355\u4f4d\u6a21\u578b<\/td>\n<td>yc16vtdg-1100b5hc<\/td>\n<td>yc16vtdg-1100b5lc<\/td>\n<td colspan=\"1\" rowspan=\"1\" valign=\"null\" width=\"176\">yc16vtdg-1000b5hc<\/td>\n<td colspan=\"1\" rowspan=\"1\" valign=\"null\" width=\"170\">yc16vtdg-1000b5lc<\/td>\n<\/tr>\n<tr>\n<td>\u989d\u5b9a\u529f\u7387\uff08\u5343\u74e6\uff09<\/td>\n<td>1100<\/td>\n<td>1100<\/td>\n<td colspan=\"1\" rowspan=\"1\" valign=\"null\" width=\"176\">1000<\/td>\n<td colspan=\"1\" rowspan=\"1\" valign=\"null\" width=\"170\">1000<\/td>\n<\/tr>\n<tr>\n<td>\u989d\u5b9a\u7535\u538b (V)<\/td>\n<td>10500<\/td>\n<td>400<\/td>\n<td colspan=\"1\" rowspan=\"1\" valign=\"null\" width=\"176\">10500<\/td>\n<td colspan=\"1\" rowspan=\"1\" valign=\"null\" width=\"170\">400<\/td>\n<\/tr>\n<tr>\n<td>\u989d\u5b9a\u7535\u6d41\uff08\u5b89\uff09<\/td>\n<td>75.6<\/td>\n<td>1984.7<\/td>\n<td colspan=\"1\" rowspan=\"1\" valign=\"null\" width=\"176\">68.7<\/td>\n<td colspan=\"1\" rowspan=\"1\" valign=\"null\" width=\"170\">1804.3<\/td>\n<\/tr>\n<tr>\n<td>\u9891\u7387\uff08\u8d6b\u5179\uff09<\/td>\n<td>50<\/td>\n<td>50<\/td>\n<td colspan=\"1\" rowspan=\"1\" valign=\"null\" width=\"176\">50<\/td>\n<td colspan=\"1\" rowspan=\"1\" valign=\"null\" width=\"170\">50<\/td>\n<\/tr>\n<tr>\n<td>\u7535\u6c14\u6548\u7387<\/td>\n<td>40%<\/td>\n<td>40%<\/td>\n<td colspan=\"1\" rowspan=\"1\" valign=\"null\" width=\"176\">40%<\/td>\n<td colspan=\"1\" rowspan=\"1\" valign=\"null\" width=\"170\">40%<\/td>\n<\/tr>\n<tr>\n<td>\u5bbd\u5ea6\u00d7\u81c0\u56f4\u00d7\u9ad8\u5ea6\uff08\u6beb\u7c73\uff09<\/td>\n<td>5350\u00d72150\u00d72350<\/td>\n<td>5350\u00d72150\u00d72350<\/td>\n<td colspan=\"1\" rowspan=\"1\" valign=\"null\" width=\"176\">5350\u00d72150\u00d72350<\/td>\n<td colspan=\"1\" rowspan=\"1\" valign=\"null\" width=\"170\">5350\u00d72150\u00d72350<\/td>\n<\/tr>\n<tr>\n<td colspan=\"5\" rowspan=\"1\" width=\"975\"><strong>\u7535\u673a\u53c2\u6570<\/strong><\/td>\n<\/tr>\n<tr>\n<td>\u6807\u79f0\u8f6c\u901f\uff08r\/min\uff09<\/td>\n<td>1500<\/td>\n<td>1500<\/td>\n<td colspan=\"1\" rowspan=\"1\" valign=\"null\" width=\"176\">1500<\/td>\n<td colspan=\"1\" rowspan=\"1\" valign=\"null\" width=\"170\">1500<\/td>\n<\/tr>\n<tr>\n<td>\u6392\u6c34\u91cf (L)<\/td>\n<td>52.3<\/td>\n<td>52.3<\/td>\n<td colspan=\"1\" rowspan=\"1\" valign=\"null\" width=\"176\">52.3<\/td>\n<td colspan=\"1\" rowspan=\"1\" valign=\"null\" width=\"170\">52.3<\/td>\n<\/tr>\n<tr>\n<td>\u6c14\u7f38\u6570-\u76f4\u5f84\/\u7f38\u4f53\uff08\u6beb\u7c73\uff09<\/td>\n<td>16-152\/180<\/td>\n<td>16-152\/180<\/td>\n<td colspan=\"1\" rowspan=\"1\" valign=\"null\" width=\"176\">16-152\/180<\/td>\n<td colspan=\"1\" rowspan=\"1\" valign=\"null\" width=\"170\">16-152\/180<\/td>\n<\/tr>\n<tr>\n<td>\u673a\u6cb9\u6d88\u8017\u91cf\uff08\u514b\/\u5343\u74e6\u65f6\uff09<\/td>\n<td>\u22640,3<\/td>\n<td>\u22640,3<\/td>\n<td colspan=\"1\" rowspan=\"1\" valign=\"null\" width=\"176\">\u22640,3<\/td>\n<td colspan=\"1\" rowspan=\"1\" valign=\"null\" width=\"170\">\u22640,3<\/td>\n<\/tr>\n<tr>\n<td>\u6c2e\u6c27\u5316\u7269\u6392\u653e\u91cf\uff08\u6beb\u514b\/\u725b\u7c73\u00a0<sup>3<\/sup>\u00a0)<\/td>\n<td>&lt;500<\/td>\n<td>&lt;500<\/td>\n<td colspan=\"1\" rowspan=\"1\" valign=\"null\" width=\"176\">&lt;500<\/td>\n<td colspan=\"1\" rowspan=\"1\" valign=\"null\" width=\"170\">&lt;500<\/td>\n<\/tr>\n<tr>\n<td colspan=\"5\" rowspan=\"1\" width=\"975\">\u6ce8\uff1a\u4e0a\u8ff0\u6240\u6709\u6570\u636e\u5747\u5728\u6807\u51c6\u53c2\u8003\u6761\u4ef6\u4e0b\u83b7\u5f97\uff0c\u5e76\u4f1a\u968f\u7740\u914d\u7f6e\u53d8\u5316\u548c\u6280\u672f\u53d1\u5c55\u800c\u6539\u53d8\u3002.<\/td>\n<\/tr>\n<\/tbody>\n<\/table>\n<\/div>\n<div class=\"remark\">\u968f\u7740\u4ea7\u54c1\u6280\u672f\u7684\u8fdb\u6b65\uff0c\u4ea7\u54c1\u7684\u7ed3\u6784\u548c\u53c2\u6570\u4e5f\u4f1a\u4e0d\u65ad\u6539\u8fdb\u3002\u5982\u679c\u6837\u54c1\u53c2\u6570\u4e0e\u5b9e\u9645\u4ea7\u54c1\u4e0d\u4e00\u81f4\uff0c\u5219\u4ee5\u5b9e\u9645\u4ea7\u54c1\u4e3a\u51c6\u3002.<\/div>\n<\/div>","protected":false},"excerpt":{"rendered":"<p>Par\u00e1metros t\u00e9cnicos &nbsp; Par\u00e1metros de la unidad Modelo de unidad YC16VTDG-1100B5HC YC16VTDG-1100B5LC YC16VTDG-1000B5HC YC16VTDG-1000B5LC Potencia nominal (kW) 1100 1100 1000 1000 Tensi\u00f3n nominal (V) 10500 400 10500 400 Corriente nominal (A) 75.6 1984.7 68.7 1804.3 Frecuencia (Hz) 50 50 50 50 Eficiencia el\u00e9ctrica 40% 40% 40% 40% Largo \u00d7 ancho \u00d7 alto (mm) 5350\u00d72150\u00d72350 5350\u00d72150\u00d72350&#8230;<\/p>","protected":false},"featured_media":10879,"template":"","meta":{"_kad_blocks_custom_css":"","_kad_blocks_head_custom_js":"","_kad_blocks_body_custom_js":"","_kad_blocks_footer_custom_js":"","_kadence_starter_templates_imported_post":false,"_kad_post_transparent":"","_kad_post_title":"","_kad_post_layout":"","_kad_post_sidebar_id":"","_kad_post_content_style":"","_kad_post_vertical_padding":"","_kad_post_feature":"","_kad_post_feature_position":"","_kad_post_header":false,"_kad_post_footer":false},"product_brand":[],"product_cat":[27,44,28],"product_tag":[],"class_list":{"0":"post-10890","1":"product","2":"type-product","3":"status-publish","4":"has-post-thumbnail","6":"product_cat-grupo-gerador","7":"product_cat-grupo-gerador-a-gas-yuchai","8":"product_cat-grupos-geradores-yuchai","10":"first","11":"instock","12":"shipping-taxable","13":"product-type-simple","14":"entry","15":"content-bg","16":"loop-entry"},"taxonomy_info":{"product_cat":[{"value":27,"label":"Grupo Gerador"},{"value":44,"label":"Grupo gerador a g\u00e1s YUCHAI"},{"value":28,"label":"Grupos Geradores YUCHAI"}]},"featured_image_src_large":["https:\/\/www.nncruiser.com.br\/wp-content\/uploads\/2025\/10\/YUCHAI-1000\uff5e1100kW-Grupo-electrogeno-de-gas-natural-YC16VTDN.webp",650,650,false],"author_info":[],"comment_info":"","_links":{"self":[{"href":"https:\/\/www.nncruiser.com.br\/zh\/wp-json\/wp\/v2\/product\/10890","targetHints":{"allow":["GET"]}}],"collection":[{"href":"https:\/\/www.nncruiser.com.br\/zh\/wp-json\/wp\/v2\/product"}],"about":[{"href":"https:\/\/www.nncruiser.com.br\/zh\/wp-json\/wp\/v2\/types\/product"}],"wp:featuredmedia":[{"embeddable":true,"href":"https:\/\/www.nncruiser.com.br\/zh\/wp-json\/wp\/v2\/media\/10879"}],"wp:attachment":[{"href":"https:\/\/www.nncruiser.com.br\/zh\/wp-json\/wp\/v2\/media?parent=10890"}],"wp:term":[{"taxonomy":"product_brand","embeddable":true,"href":"https:\/\/www.nncruiser.com.br\/zh\/wp-json\/wp\/v2\/product_brand?post=10890"},{"taxonomy":"product_cat","embeddable":true,"href":"https:\/\/www.nncruiser.com.br\/zh\/wp-json\/wp\/v2\/product_cat?post=10890"},{"taxonomy":"product_tag","embeddable":true,"href":"https:\/\/www.nncruiser.com.br\/zh\/wp-json\/wp\/v2\/product_tag?post=10890"}],"curies":[{"name":"wp","href":"https:\/\/api.w.org\/{rel}","templated":true}]}}