{"id":10902,"date":"2025-05-19T13:29:25","date_gmt":"2025-05-19T16:29:25","guid":{"rendered":"https:\/\/www.nncruiser.com.br\/?post_type=product&#038;p=10902"},"modified":"2025-10-13T23:10:00","modified_gmt":"2025-10-14T02:10:00","slug":"yuchai-1200-kw-grupo-electrogeno-de-gases-de-escape-industriales-yc16vcn","status":"publish","type":"product","link":"https:\/\/www.nncruiser.com.br\/en\/yuchai-1200-kw-grupo-electrogeno-de-gases-de-escape-industriales-yc16vcn\/","title":{"rendered":"YUCHAI 1200 kW Industrial exhaust gas generator YC16VCN"},"content":{"rendered":"<div class=\"infor\">\n<h5 class=\"tit\" style=\"text-align: center;\"><strong>Technical parameters<\/strong><\/h5>\n<\/div>\n<div class=\"content\">\n<div class=\"table-responsive\">\n<table class=\"datalist\" width=\"100%\" cellspacing=\"0\" cellpadding=\"0\">\n<colgroup>\n<col width=\"208\" \/>\n<col width=\"200\" \/><\/colgroup>\n<tbody>\n<tr class=\"firstRow\">\n<td colspan=\"2\"><strong>Unit parameters<\/strong><\/td>\n<\/tr>\n<tr>\n<td>Unit model<\/td>\n<td>YC16VCG-1500M5HC<\/td>\n<\/tr>\n<tr>\n<td>Rated power (kW)<\/td>\n<td>1200<\/td>\n<\/tr>\n<tr>\n<td>Nominal voltage (V)<\/td>\n<td>10500<\/td>\n<\/tr>\n<tr>\n<td>Nominal current (A)<\/td>\n<td>82.5<\/td>\n<\/tr>\n<tr>\n<td>Frequency (Hz)<\/td>\n<td>50<\/td>\n<\/tr>\n<tr>\n<td>Electrical efficiency<\/td>\n<td>40%<\/td>\n<\/tr>\n<tr>\n<td>Width \u00d7 hip \u00d7 height (mm)<\/td>\n<td>6050\u00d72100\u00d72750<\/td>\n<\/tr>\n<tr>\n<td colspan=\"2\"><strong>Motor parameters<\/strong><\/td>\n<\/tr>\n<tr>\n<td>Nominal speed (r\/min)<\/td>\n<td>1000<\/td>\n<\/tr>\n<tr>\n<td>Displacement (L)<\/td>\n<td>105.6<\/td>\n<\/tr>\n<tr>\n<td>Number of cylinders-diameter\/body (mm)<\/td>\n<td>16-200\/210<\/td>\n<\/tr>\n<tr>\n<td>Motor oil consumption (g\/kWh)<\/td>\n<td>\u22640,3<\/td>\n<\/tr>\n<tr>\n<td>Nitrogen oxide emissions (mg\/Nm\u00a0<sup>3<\/sup>\u00a0)<\/td>\n<td>&lt;500<\/td>\n<\/tr>\n<tr>\n<td colspan=\"2\" rowspan=\"2\">Note: All the above data is obtained under standard reference conditions and will change with configuration changes and technological developments.<\/td>\n<\/tr>\n<\/tbody>\n<\/table>\n<\/div>\n<div class=\"remark\">As product technology advances, the structure and parameters of the product will continue to improve. If the sample parameters are inconsistent with the real product, the real product will prevail.<\/div>\n<\/div>","protected":false},"excerpt":{"rendered":"<p>Par\u00e1metros t\u00e9cnicos Par\u00e1metros de la unidad Modelo de unidad YC16VCG-1500M5HC Potencia nominal (kW) 1200 Tensi\u00f3n nominal (V) 10500 Corriente nominal (A) 82.5 Frecuencia (Hz) 50 Eficiencia el\u00e9ctrica 40% Largo \u00d7 ancho \u00d7 alto (mm) 6050\u00d72100\u00d72750 Par\u00e1metros del motor Velocidad nominal (r\/min) 1000 Desplazamiento (L) 105.6 N\u00famero de cilindros-di\u00e1metro\/carrera (mm) 16-200\/210 Consumo de aceite del motor&#8230;<\/p>","protected":false},"featured_media":10903,"template":"","meta":{"_kad_blocks_custom_css":"","_kad_blocks_head_custom_js":"","_kad_blocks_body_custom_js":"","_kad_blocks_footer_custom_js":"","_kadence_starter_templates_imported_post":false,"_kad_post_transparent":"","_kad_post_title":"","_kad_post_layout":"","_kad_post_sidebar_id":"","_kad_post_content_style":"","_kad_post_vertical_padding":"","_kad_post_feature":"","_kad_post_feature_position":"","_kad_post_header":false,"_kad_post_footer":false},"product_brand":[],"product_cat":[27,44,28],"product_tag":[],"class_list":{"0":"post-10902","1":"product","2":"type-product","3":"status-publish","4":"has-post-thumbnail","6":"product_cat-grupo-gerador","7":"product_cat-grupo-gerador-a-gas-yuchai","8":"product_cat-grupos-geradores-yuchai","10":"first","11":"instock","12":"shipping-taxable","13":"product-type-simple","14":"entry","15":"content-bg","16":"loop-entry"},"taxonomy_info":{"product_cat":[{"value":27,"label":"Grupo Gerador"},{"value":44,"label":"Grupo gerador a g\u00e1s YUCHAI"},{"value":28,"label":"Grupos Geradores YUCHAI"}]},"featured_image_src_large":["https:\/\/www.nncruiser.com.br\/wp-content\/uploads\/2025\/10\/YUCHAI-1200-kW-Grupo-electrogeno-de-gases-de-escape-industriales-YC16VCN.webp",650,650,false],"author_info":[],"comment_info":"","_links":{"self":[{"href":"https:\/\/www.nncruiser.com.br\/en\/wp-json\/wp\/v2\/product\/10902","targetHints":{"allow":["GET"]}}],"collection":[{"href":"https:\/\/www.nncruiser.com.br\/en\/wp-json\/wp\/v2\/product"}],"about":[{"href":"https:\/\/www.nncruiser.com.br\/en\/wp-json\/wp\/v2\/types\/product"}],"wp:featuredmedia":[{"embeddable":true,"href":"https:\/\/www.nncruiser.com.br\/en\/wp-json\/wp\/v2\/media\/10903"}],"wp:attachment":[{"href":"https:\/\/www.nncruiser.com.br\/en\/wp-json\/wp\/v2\/media?parent=10902"}],"wp:term":[{"taxonomy":"product_brand","embeddable":true,"href":"https:\/\/www.nncruiser.com.br\/en\/wp-json\/wp\/v2\/product_brand?post=10902"},{"taxonomy":"product_cat","embeddable":true,"href":"https:\/\/www.nncruiser.com.br\/en\/wp-json\/wp\/v2\/product_cat?post=10902"},{"taxonomy":"product_tag","embeddable":true,"href":"https:\/\/www.nncruiser.com.br\/en\/wp-json\/wp\/v2\/product_tag?post=10902"}],"curies":[{"name":"wp","href":"https:\/\/api.w.org\/{rel}","templated":true}]}}