{"id":10888,"date":"2025-05-19T11:14:55","date_gmt":"2025-05-19T14:14:55","guid":{"rendered":"https:\/\/www.nncruiser.com.br\/?post_type=product&#038;p=10888"},"modified":"2025-10-13T23:09:58","modified_gmt":"2025-10-14T02:09:58","slug":"yuchai-1500-kw-grupo-electrogeno-de-biogas-yc16vcn","status":"publish","type":"product","link":"https:\/\/www.nncruiser.com.br\/en\/yuchai-1500-kw-grupo-electrogeno-de-biogas-yc16vcn\/","title":{"rendered":"YUCHAI 1500 kW Biogas generator set YC16VCN"},"content":{"rendered":"<div class=\"infor\">\n<div class=\"tit\"><span>Technical parameters<\/span><\/div>\n<\/div>\n<div class=\"content\">\n<div class=\"table-responsive\">\n<table class=\"datalist\" width=\"100%\" cellspacing=\"0\" cellpadding=\"0\">\n<colgroup>\n<col width=\"151\" \/>\n<col width=\"160\" \/>\n<col width=\"206\" \/><\/colgroup>\n<tbody>\n<tr class=\"firstRow\">\n<td colspan=\"3\"><strong><span>Unit parameters<\/span><\/strong><\/td>\n<\/tr>\n<tr>\n<td><span>Unit model<\/span><\/td>\n<td><span>YC16VCG-1500B5HC<\/span><\/td>\n<td><span>YC16VCG-1500B5LC<\/span><\/td>\n<\/tr>\n<tr>\n<td><span>Rated power (kW)<\/span><\/td>\n<td><span>1500<\/span><\/td>\n<td><span>1500<\/span><\/td>\n<\/tr>\n<tr>\n<td><span>Nominal voltage (V)<\/span><\/td>\n<td><span>10500<\/span><\/td>\n<td><span>400<\/span><\/td>\n<\/tr>\n<tr>\n<td><span>Nominal current (A)<\/span><\/td>\n<td><span>103.1\u00a0<\/span><\/td>\n<td><span>2706.4\u00a0<\/span><\/td>\n<\/tr>\n<tr>\n<td><span>Frequency (Hz)<\/span><\/td>\n<td><span>50<\/span><\/td>\n<td><span>50<\/span><\/td>\n<\/tr>\n<tr>\n<td><span>Electrical efficiency<\/span><\/td>\n<td><span>40%<\/span><\/td>\n<td><span>40%<\/span><\/td>\n<\/tr>\n<tr>\n<td><span>Width \u00d7 hip \u00d7 height (mm)<\/span><\/td>\n<td><span>6050\u00d72100\u00d72750<\/span><\/td>\n<td><span>6050\u00d72100\u00d72750<\/span><\/td>\n<\/tr>\n<tr>\n<td colspan=\"3\"><strong><span>Motor parameters<\/span><\/strong><\/td>\n<\/tr>\n<tr>\n<td><span>Nominal speed (r\/min)<\/span><\/td>\n<td><span>1000<\/span><\/td>\n<td><span>1000<\/span><\/td>\n<\/tr>\n<tr>\n<td><span>Displacement (L)<\/span><\/td>\n<td><span>105.6\u00a0<\/span><\/td>\n<td><span>105.6\u00a0<\/span><\/td>\n<\/tr>\n<tr>\n<td><span>Number of cylinders-diameter\/body (mm)<\/span><\/td>\n<td><span>16-200\/210<\/span><\/td>\n<td><span>16-200\/210<\/span><\/td>\n<\/tr>\n<tr>\n<td><span>Motor oil consumption (g\/kwh)<\/span><\/td>\n<td><span>\u22640,3<\/span><\/td>\n<td><span>\u22640,3<\/span><\/td>\n<\/tr>\n<tr>\n<td><span>Nitrogen oxide emissions (mg\/Nm\u00a0<\/span><sup><span>3<\/span><\/sup><span>\u00a0)<\/span><\/td>\n<td><span>&lt;500<\/span><\/td>\n<td><span>&lt;500<\/span><\/td>\n<\/tr>\n<tr>\n<td colspan=\"3\" rowspan=\"2\"><span>Note: All the above data is obtained under standard reference conditions and will change with configuration changes and technological developments.<\/span><\/td>\n<\/tr>\n<\/tbody>\n<\/table>\n<\/div>\n<div class=\"remark\"><span>As product technology advances, the structure and parameters of the product will continue to improve. If the sample parameters are inconsistent with the real product, the real product will prevail.<\/span><\/div>\n<\/div>","protected":false},"excerpt":{"rendered":"<p>Par\u00e1metros t\u00e9cnicos Par\u00e1metros de la unidad Modelo de unidad YC16VCG-1500B5HC YC16VCG-1500B5LC Potencia nominal (kW) 1500 1500 Tensi\u00f3n nominal (V) 10500 400 Corriente nominal (A) 103.1\u00a0 2706.4\u00a0 Frecuencia (Hz) 50 50 Eficiencia el\u00e9ctrica 40% 40% Largo \u00d7 ancho \u00d7 alto (mm) 6050\u00d72100\u00d72750 6050\u00d72100\u00d72750 Par\u00e1metros del motor Velocidad nominal (r\/min) 1000 1000 Desplazamiento (L) 105.6\u00a0 105.6\u00a0 N\u00famero&#8230;<\/p>","protected":false},"featured_media":10875,"template":"","meta":{"_kad_blocks_custom_css":"","_kad_blocks_head_custom_js":"","_kad_blocks_body_custom_js":"","_kad_blocks_footer_custom_js":"","_kadence_starter_templates_imported_post":false,"_kad_post_transparent":"","_kad_post_title":"","_kad_post_layout":"","_kad_post_sidebar_id":"","_kad_post_content_style":"","_kad_post_vertical_padding":"","_kad_post_feature":"","_kad_post_feature_position":"","_kad_post_header":false,"_kad_post_footer":false},"product_brand":[],"product_cat":[27,44,28],"product_tag":[],"class_list":{"0":"post-10888","1":"product","2":"type-product","3":"status-publish","4":"has-post-thumbnail","6":"product_cat-grupo-gerador","7":"product_cat-grupo-gerador-a-gas-yuchai","8":"product_cat-grupos-geradores-yuchai","10":"first","11":"instock","12":"shipping-taxable","13":"product-type-simple","14":"entry","15":"content-bg","16":"loop-entry"},"taxonomy_info":{"product_cat":[{"value":27,"label":"Grupo Gerador"},{"value":44,"label":"Grupo gerador a g\u00e1s YUCHAI"},{"value":28,"label":"Grupos Geradores YUCHAI"}]},"featured_image_src_large":["https:\/\/www.nncruiser.com.br\/wp-content\/uploads\/2025\/10\/YUCHAI-1500-kW-Grupo-electrogeno-de-gas-natural-YC16VCN.webp",650,650,false],"author_info":[],"comment_info":"","_links":{"self":[{"href":"https:\/\/www.nncruiser.com.br\/en\/wp-json\/wp\/v2\/product\/10888","targetHints":{"allow":["GET"]}}],"collection":[{"href":"https:\/\/www.nncruiser.com.br\/en\/wp-json\/wp\/v2\/product"}],"about":[{"href":"https:\/\/www.nncruiser.com.br\/en\/wp-json\/wp\/v2\/types\/product"}],"wp:featuredmedia":[{"embeddable":true,"href":"https:\/\/www.nncruiser.com.br\/en\/wp-json\/wp\/v2\/media\/10875"}],"wp:attachment":[{"href":"https:\/\/www.nncruiser.com.br\/en\/wp-json\/wp\/v2\/media?parent=10888"}],"wp:term":[{"taxonomy":"product_brand","embeddable":true,"href":"https:\/\/www.nncruiser.com.br\/en\/wp-json\/wp\/v2\/product_brand?post=10888"},{"taxonomy":"product_cat","embeddable":true,"href":"https:\/\/www.nncruiser.com.br\/en\/wp-json\/wp\/v2\/product_cat?post=10888"},{"taxonomy":"product_tag","embeddable":true,"href":"https:\/\/www.nncruiser.com.br\/en\/wp-json\/wp\/v2\/product_tag?post=10888"}],"curies":[{"name":"wp","href":"https:\/\/api.w.org\/{rel}","templated":true}]}}